{"id":19,"date":"2025-07-24T05:45:30","date_gmt":"2025-07-24T05:45:30","guid":{"rendered":"https:\/\/bitai-method.net\/?page_id=19"},"modified":"2025-08-01T10:48:49","modified_gmt":"2025-08-01T10:48:49","slug":"datenschutzrichtlinie","status":"publish","type":"page","link":"https:\/\/bitai-method.net\/de\/privacy-policy\/","title":{"rendered":"Datenschutzrichtlinie"},"content":{"rendered":"<div data-elementor-type=\"wp-page\" data-elementor-id=\"19\" class=\"elementor elementor-19\" data-elementor-post-type=\"page\">\n\t\t\t\t<div class=\"elementor-element elementor-element-b1b0924 e-flex e-con-boxed e-con e-parent\" data-id=\"b1b0924\" data-element_type=\"container\" data-e-type=\"container\" data-settings=\"{&quot;background_background&quot;:&quot;classic&quot;}\">\n\t\t\t\t\t<div class=\"e-con-inner\">\n\t\t\t\t<div class=\"elementor-element elementor-element-67d296c elementor-widget elementor-widget-heading\" data-id=\"67d296c\" data-element_type=\"widget\" data-e-type=\"widget\" data-widget_type=\"heading.default\">\n\t\t\t\t\t<h1 class=\"elementor-heading-title elementor-size-default\">Datenschutzrichtlinie<\/h1>\t\t\t\t<\/div>\n\t\t\t\t<div class=\"elementor-element elementor-element-f0e6e24 elementor-icon-list--layout-inline elementor-list-item-link-full_width elementor-widget elementor-widget-icon-list\" data-id=\"f0e6e24\" data-element_type=\"widget\" data-e-type=\"widget\" data-widget_type=\"icon-list.default\">\n\t\t\t\t\t\t\t<ul class=\"elementor-icon-list-items elementor-inline-items\">\n\t\t\t\t\t\t\t<li class=\"elementor-icon-list-item elementor-inline-item\">\n\t\t\t\t\t\t\t\t\t\t\t<a href=\"https:\/\/bitai-method.net\/de\">\n\n\t\t\t\t\t\t\t\t\t\t\t\t<span class=\"elementor-icon-list-icon\">\n\t\t\t\t\t\t\t<svg aria-hidden=\"true\" class=\"e-font-icon-svg e-fas-circle\" viewbox=\"0 0 512 512\" xmlns=\"http:\/\/www.w3.org\/2000\/svg\"><path d=\"M256 8C119 8 8 119 8 256s111 248 248 248 248-111 248-248S393 8 256 8z\"><\/path><\/svg>\t\t\t\t\t\t<\/span>\n\t\t\t\t\t\t\t\t\t\t<span class=\"elementor-icon-list-text\">Heim<\/span>\n\t\t\t\t\t\t\t\t\t\t\t<\/a>\n\t\t\t\t\t\t\t\t\t<\/li>\n\t\t\t\t\t\t\t\t<li class=\"elementor-icon-list-item elementor-inline-item\">\n\t\t\t\t\t\t\t\t\t\t\t<span class=\"elementor-icon-list-icon\">\n\t\t\t\t\t\t\t<svg aria-hidden=\"true\" class=\"e-font-icon-svg e-fas-circle\" viewbox=\"0 0 512 512\" xmlns=\"http:\/\/www.w3.org\/2000\/svg\"><path d=\"M256 8C119 8 8 119 8 256s111 248 248 248 248-111 248-248S393 8 256 8z\"><\/path><\/svg>\t\t\t\t\t\t<\/span>\n\t\t\t\t\t\t\t\t\t\t<span class=\"elementor-icon-list-text\">Datenschutzrichtlinie<\/span>\n\t\t\t\t\t\t\t\t\t<\/li>\n\t\t\t\t\t\t<\/ul>\n\t\t\t\t\t\t<\/div>\n\t\t\t\t<div class=\"elementor-element elementor-element-1c3e6f1 elementor-absolute elementor-hidden-mobile elementor-widget elementor-widget-heading\" data-id=\"1c3e6f1\" data-element_type=\"widget\" data-e-type=\"widget\" data-settings=\"{&quot;_position&quot;:&quot;absolute&quot;}\" data-widget_type=\"heading.default\">\n\t\t\t\t\t<h2 class=\"elementor-heading-title elementor-size-default\">DATENSCHUTZRICHTLINIE<\/h2>\t\t\t\t<\/div>\n\t\t\t\t\t<\/div>\n\t\t\t\t<\/div>\n\t\t<div class=\"elementor-element elementor-element-899c78a e-flex e-con-boxed e-con e-parent\" data-id=\"899c78a\" data-element_type=\"container\" data-e-type=\"container\" data-settings=\"{&quot;background_background&quot;:&quot;classic&quot;}\">\n\t\t\t\t\t<div class=\"e-con-inner\">\n\t\t\t\t<div class=\"elementor-element elementor-element-8b0d46c elementor-widget elementor-widget-text-editor\" data-id=\"8b0d46c\" data-element_type=\"widget\" data-e-type=\"widget\" data-widget_type=\"text-editor.default\">\n\t\t\t\t\t\t\t\t\t<p>Bei <strong>Bit Ai Method\u00a0<\/strong>Ihre Privatsph\u00e4re hat f\u00fcr uns oberste Priorit\u00e4t. Personenbezogene Daten werden nur so lange wie n\u00f6tig gespeichert. Benutzer mit aktiven Konten sind f\u00fcr die Verwaltung ihrer Daten verantwortlich. Nach der Kontoaufl\u00f6sung werden die zugeh\u00f6rigen Daten gem\u00e4\u00df den geltenden Gesetzen und Richtlinien gel\u00f6scht.<\/p>\t\t\t\t\t\t\t\t<\/div>\n\t\t\t\t<div class=\"elementor-element elementor-element-d8cb3db elementor-widget elementor-widget-heading\" data-id=\"d8cb3db\" data-element_type=\"widget\" data-e-type=\"widget\" data-widget_type=\"heading.default\">\n\t\t\t\t\t<h2 class=\"elementor-heading-title elementor-size-default\">Einf\u00fchrung<\/h2>\t\t\t\t<\/div>\n\t\t\t\t<div class=\"elementor-element elementor-element-b163bbc elementor-widget elementor-widget-text-editor\" data-id=\"b163bbc\" data-element_type=\"widget\" data-e-type=\"widget\" data-widget_type=\"text-editor.default\">\n\t\t\t\t\t\t\t\t\t<p>Diese Datenschutzrichtlinie beschreibt, wie <b>Bit Ai Method<\/b>\u00a0(\u201ewir\u201c, \u201euns\u201c oder \u201eunser\u201c) sammelt, verwendet und sch\u00fctzt Informationen, die \u00fcber unsere Website (\u201edie Website\u201c) und Dienste (\u201edie Dienste\u201c) gesammelt werden. Der Schutz Ihrer personenbezogenen Daten ist uns \u00e4u\u00dferst wichtig.<\/p><p>Unsere Website kann Links zu Websites Dritter enthalten, wir sind jedoch nicht f\u00fcr deren Datenschutzpraktiken verantwortlich. Bitte lesen Sie deren Richtlinien, bevor Sie Daten \u00fcbermitteln. Wir setzen strenge Sicherheits- und Organisationsma\u00dfnahmen ein, um die von Nutzern bereitgestellten personenbezogenen Daten zu sch\u00fctzen.<\/p><p>Um unsere Website nutzen zu k\u00f6nnen, m\u00fcssen Sie m\u00f6glicherweise Informationen wie Ihren Namen, Ihre E-Mail-Adresse, Ihre Telefonnummer und weitere Angaben angeben. Diese Daten helfen uns, Ihre Identit\u00e4t zu \u00fcberpr\u00fcfen, Support zu leisten und gesetzlichen Verpflichtungen nachzukommen. Sie k\u00f6nnen Ihre Einstellungen jederzeit verwalten oder die Kommunikation abbestellen.<\/p>\t\t\t\t\t\t\t\t<\/div>\n\t\t\t\t<div class=\"elementor-element elementor-element-410dcc5 elementor-widget elementor-widget-heading\" data-id=\"410dcc5\" data-element_type=\"widget\" data-e-type=\"widget\" data-widget_type=\"heading.default\">\n\t\t\t\t\t<h2 class=\"elementor-heading-title elementor-size-default\">Von uns erfasste Daten<\/h2>\t\t\t\t<\/div>\n\t\t\t\t<div class=\"elementor-element elementor-element-5d3a8d5 elementor-widget elementor-widget-text-editor\" data-id=\"5d3a8d5\" data-element_type=\"widget\" data-e-type=\"widget\" data-widget_type=\"text-editor.default\">\n\t\t\t\t\t\t\t\t\tWir erfassen die von Ihnen bereitgestellten personenbezogenen Daten, darunter Ihren Namen, Ihre E-Mail-Adresse, Ihre Telefonnummer und alle weiteren Angaben, die Sie uns \u00fcber Formulare oder durch direkte Kommunikation mitteilen. Bei der Registrierung eines Kontos fragen wir Sie m\u00f6glicherweise auch nach Ihrem Firmennamen, Ihrer Adresse und anderen Kontaktdaten.\t\t\t\t\t\t\t\t<\/div>\n\t\t\t\t<div class=\"elementor-element elementor-element-b3efa35 elementor-widget elementor-widget-heading\" data-id=\"b3efa35\" data-element_type=\"widget\" data-e-type=\"widget\" data-widget_type=\"heading.default\">\n\t\t\t\t\t<h2 class=\"elementor-heading-title elementor-size-default\">Datenerhebung und -verwendung<\/h2>\t\t\t\t<\/div>\n\t\t\t\t<div class=\"elementor-element elementor-element-4bd0d34 elementor-widget elementor-widget-text-editor\" data-id=\"4bd0d34\" data-element_type=\"widget\" data-e-type=\"widget\" data-widget_type=\"text-editor.default\">\n\t\t\t\t\t\t\t\t\tDurch die Verwendung<strong> Bit Ai Method<\/strong>\u00a0Sie stimmen der Erhebung und Verarbeitung personenbezogener Daten, einschlie\u00dflich Cookies und Formulareinreichungen, zu. Diese Daten werden verwendet, um unsere Website zu verbessern, unsere Dienste anzupassen und vertragliche oder gesetzliche Verpflichtungen zu erf\u00fcllen.<\/p>\n\n<ul data-spread=\"false\">\n \t<li><strong>Kontoregistrierung:<\/strong>\u00a0Basierend auf Ihrer Zustimmung oder einem vertraglichen Bedarf.<\/li>\n \t<li><strong>Leistungserbringung:<\/strong>\u00a0Zur Erf\u00fcllung von Vereinbarungen und Erbringung von Dienstleistungen.<\/li>\n \t<li><strong>Support und Kommunikation:<\/strong>\u00a0Aus berechtigten Interessen oder zur Einhaltung gesetzlicher Vorschriften.<\/li>\n \t<li><strong>Marketing:<\/strong>\u00a0Mit Ihrer ausdr\u00fccklichen Zustimmung.<\/li>\n \t<li><strong>Verbesserung und Analyse:<\/strong>\u00a0Aus berechtigten Interessen oder auf Grundlage Ihrer Einwilligung.<\/li>\n<\/ul>\t\t\t\t\t\t\t\t<\/div>\n\t\t\t\t<div class=\"elementor-element elementor-element-f11ab61 elementor-widget elementor-widget-heading\" data-id=\"f11ab61\" data-element_type=\"widget\" data-e-type=\"widget\" data-widget_type=\"heading.default\">\n\t\t\t\t\t<h2 class=\"elementor-heading-title elementor-size-default\">Datenweitergabe<\/h2>\t\t\t\t<\/div>\n\t\t\t\t<div class=\"elementor-element elementor-element-f9d9de8 elementor-widget elementor-widget-text-editor\" data-id=\"f9d9de8\" data-element_type=\"widget\" data-e-type=\"widget\" data-widget_type=\"text-editor.default\">\n\t\t\t\t\t\t\t\t\tWir k\u00f6nnen Ihre Daten an vertrauensw\u00fcrdige Partner und Anbieter weitergeben, um unsere Website und Dienste zu verbessern. F\u00fcr Benutzer in der EU entspricht die Datenverarbeitung der DSGVO und anderen geltenden Vorschriften.\t\t\t\t\t\t\t\t<\/div>\n\t\t\t\t<div class=\"elementor-element elementor-element-b63d797 elementor-widget elementor-widget-heading\" data-id=\"b63d797\" data-element_type=\"widget\" data-e-type=\"widget\" data-widget_type=\"heading.default\">\n\t\t\t\t\t<h2 class=\"elementor-heading-title elementor-size-default\">Sicherheit<\/h2>\t\t\t\t<\/div>\n\t\t\t\t<div class=\"elementor-element elementor-element-d012953 elementor-widget elementor-widget-text-editor\" data-id=\"d012953\" data-element_type=\"widget\" data-e-type=\"widget\" data-widget_type=\"text-editor.default\">\n\t\t\t\t\t\t\t\t\tWir sch\u00fctzen Ihre personenbezogenen Daten zuverl\u00e4ssig vor unbefugtem Zugriff und Missbrauch. Kein System ist jedoch vollst\u00e4ndig vor Datendiebst\u00e4hlen gefeit. Informieren Sie uns umgehend, wenn Sie einen Datenmissbrauch vermuten.\t\t\t\t\t\t\t\t<\/div>\n\t\t\t\t<div class=\"elementor-element elementor-element-ec9a151 elementor-widget elementor-widget-heading\" data-id=\"ec9a151\" data-element_type=\"widget\" data-e-type=\"widget\" data-widget_type=\"heading.default\">\n\t\t\t\t\t<h2 class=\"elementor-heading-title elementor-size-default\">Cookie-Hinweis<\/h2>\t\t\t\t<\/div>\n\t\t\t\t<div class=\"elementor-element elementor-element-4d5f16e elementor-widget elementor-widget-text-editor\" data-id=\"4d5f16e\" data-element_type=\"widget\" data-e-type=\"widget\" data-widget_type=\"text-editor.default\">\n\t\t\t\t\t\t\t\t\tUnsere Website verwendet Cookies, um Ihr Benutzererlebnis zu verbessern. Einzelheiten zur Verwendung von Cookies und zur Verwaltung Ihrer Einstellungen finden Sie in unserer Cookie-Richtlinie.\t\t\t\t\t\t\t\t<\/div>\n\t\t\t\t<div class=\"elementor-element elementor-element-ca5272d elementor-widget elementor-widget-heading\" data-id=\"ca5272d\" data-element_type=\"widget\" data-e-type=\"widget\" data-widget_type=\"heading.default\">\n\t\t\t\t\t<h2 class=\"elementor-heading-title elementor-size-default\">Externe Links<\/h2>\t\t\t\t<\/div>\n\t\t\t\t<div class=\"elementor-element elementor-element-c9d7e09 elementor-widget elementor-widget-text-editor\" data-id=\"c9d7e09\" data-element_type=\"widget\" data-e-type=\"widget\" data-widget_type=\"text-editor.default\">\n\t\t\t\t\t\t\t\t\t<p><strong>Bit Ai Method<\/strong>\u00a0ist nicht verantwortlich f\u00fcr die Datenschutzpraktiken von Websites Dritter, auf die auf unserer Website verwiesen wird. \u00dcberpr\u00fcfen Sie deren Datenschutzrichtlinien, bevor Sie Daten weitergeben.<\/p>\t\t\t\t\t\t\t\t<\/div>\n\t\t\t\t<div class=\"elementor-element elementor-element-f523a7e elementor-widget elementor-widget-heading\" data-id=\"f523a7e\" data-element_type=\"widget\" data-e-type=\"widget\" data-widget_type=\"heading.default\">\n\t\t\t\t\t<h2 class=\"elementor-heading-title elementor-size-default\">Datenaufbewahrung und -l\u00f6schung<\/h2>\t\t\t\t<\/div>\n\t\t\t\t<div class=\"elementor-element elementor-element-8f70d36 elementor-widget elementor-widget-text-editor\" data-id=\"8f70d36\" data-element_type=\"widget\" data-e-type=\"widget\" data-widget_type=\"text-editor.default\">\n\t\t\t\t\t\t\t\t\tPersonenbezogene Daten werden nur so lange wie n\u00f6tig gespeichert. Aktive Kontonutzer verwalten ihre Daten selbst. Bei gek\u00fcndigten Konten werden die Daten gem\u00e4\u00df den geltenden Gesetzen gel\u00f6scht.\t\t\t\t\t\t\t\t<\/div>\n\t\t\t\t<div class=\"elementor-element elementor-element-88738de elementor-widget elementor-widget-heading\" data-id=\"88738de\" data-element_type=\"widget\" data-e-type=\"widget\" data-widget_type=\"heading.default\">\n\t\t\t\t\t<h2 class=\"elementor-heading-title elementor-size-default\">Benutzerrechte<\/h2>\t\t\t\t<\/div>\n\t\t\t\t<div class=\"elementor-element elementor-element-4c13aa9 elementor-widget elementor-widget-text-editor\" data-id=\"4c13aa9\" data-element_type=\"widget\" data-e-type=\"widget\" data-widget_type=\"text-editor.default\">\n\t\t\t\t\t\t\t\t\tSie haben das Recht:<\/p>\n\n<ul data-spread=\"false\">\n \t<li>Greifen Sie auf Ihre pers\u00f6nlichen Daten zu.<\/li>\n \t<li>Korrigieren Sie etwaige Ungenauigkeiten.<\/li>\n \t<li>Fordern Sie unter bestimmten Umst\u00e4nden die L\u00f6schung von Daten an.<\/li>\n \t<li>Einschr\u00e4nkung oder Widerspruch gegen die Datenverarbeitung.<\/li>\n \t<li>Sie k\u00f6nnen Ihre Einwilligung jederzeit widerrufen.<\/li>\n \t<li>Fordern Sie die Daten\u00fcbertragbarkeit in einem strukturierten Format an.<\/li>\n<\/ul>\t\t\t\t\t\t\t\t<\/div>\n\t\t\t\t<div class=\"elementor-element elementor-element-0436578 elementor-widget elementor-widget-heading\" data-id=\"0436578\" data-element_type=\"widget\" data-e-type=\"widget\" data-widget_type=\"heading.default\">\n\t\t\t\t\t<h2 class=\"elementor-heading-title elementor-size-default\">Marketingmaterialien<\/h2>\t\t\t\t<\/div>\n\t\t\t\t<div class=\"elementor-element elementor-element-ac9a77c elementor-widget elementor-widget-text-editor\" data-id=\"ac9a77c\" data-element_type=\"widget\" data-e-type=\"widget\" data-widget_type=\"text-editor.default\">\n\t\t\t\t\t\t\t\t\tMit Ihrer Einwilligung verwenden wir personenbezogene Daten zum Versand von Marketingmaterialien. Sie k\u00f6nnen diese Einwilligung jederzeit widerrufen, indem Sie uns kontaktieren.\t\t\t\t\t\t\t\t<\/div>\n\t\t\t\t<div class=\"elementor-element elementor-element-595f4be elementor-widget elementor-widget-heading\" data-id=\"595f4be\" data-element_type=\"widget\" data-e-type=\"widget\" data-widget_type=\"heading.default\">\n\t\t\t\t\t<h2 class=\"elementor-heading-title elementor-size-default\">Akzeptanz dieser Richtlinie<\/h2>\t\t\t\t<\/div>\n\t\t\t\t<div class=\"elementor-element elementor-element-64e3092 elementor-widget elementor-widget-text-editor\" data-id=\"64e3092\" data-element_type=\"widget\" data-e-type=\"widget\" data-widget_type=\"text-editor.default\">\n\t\t\t\t\t\t\t\t\t<p>Durch die Verwendung <b>Bit Ai Method<\/b>\u00a0Durch die Nutzung der Website oder Dienste erkl\u00e4ren Sie sich mit dieser Datenschutzrichtlinie einverstanden. Die fortgesetzte Nutzung nach Aktualisierungen bedeutet, dass Sie alle \u00c4nderungen akzeptieren.<\/p>\t\t\t\t\t\t\t\t<\/div>\n\t\t\t\t<div class=\"elementor-element elementor-element-6ec6cca elementor-widget elementor-widget-heading\" data-id=\"6ec6cca\" data-element_type=\"widget\" data-e-type=\"widget\" data-widget_type=\"heading.default\">\n\t\t\t\t\t<h2 class=\"elementor-heading-title elementor-size-default\">Kontaktieren Sie uns<\/h2>\t\t\t\t<\/div>\n\t\t\t\t<div class=\"elementor-element elementor-element-9583e53 elementor-widget elementor-widget-text-editor\" data-id=\"9583e53\" data-element_type=\"widget\" data-e-type=\"widget\" data-widget_type=\"text-editor.default\">\n\t\t\t\t\t\t\t\t\t<p>Wenn Sie Fragen, Bedenken oder Anfragen zu dieser Datenschutzrichtlinie oder zum Umgang mit Ihren Daten haben, k\u00f6nnen Sie sich gerne an uns wenden. Sie erreichen unser Support-Team unter Wenn Sie Fragen, Bedenken oder Anfragen zu dieser Datenschutzrichtlinie oder zum Umgang mit Ihren Daten haben, k\u00f6nnen Sie sich gerne an uns wenden. Sie erreichen unser Support-Team unter <a href=\"mailto:support@bitai-method.net\">support@bitai-method.net<\/a><\/p>\t\t\t\t\t\t\t\t<\/div>\n\t\t\t\t\t<\/div>\n\t\t\t\t<\/div>\n\t\t\t\t<\/div>","protected":false},"excerpt":{"rendered":"<p>Privacy Policy Home Privacy Policy PRIVACY POLICY At Bit Ai Method\u00a0your privacy is our priority. Personal data is retained only as long as necessary, and users with active accounts are responsible for managing their information. Upon account termination, related data will be deleted in accordance with applicable laws and policies. Introduction This Privacy Policy outlines [&hellip;]<\/p>\n","protected":false},"author":1,"featured_media":0,"parent":0,"menu_order":0,"comment_status":"closed","ping_status":"closed","template":"","meta":{"footnotes":""},"class_list":["post-19","page","type-page","status-publish","hentry"],"_links":{"self":[{"href":"https:\/\/bitai-method.net\/de\/wp-json\/wp\/v2\/pages\/19","targetHints":{"allow":["GET"]}}],"collection":[{"href":"https:\/\/bitai-method.net\/de\/wp-json\/wp\/v2\/pages"}],"about":[{"href":"https:\/\/bitai-method.net\/de\/wp-json\/wp\/v2\/types\/page"}],"author":[{"embeddable":true,"href":"https:\/\/bitai-method.net\/de\/wp-json\/wp\/v2\/users\/1"}],"replies":[{"embeddable":true,"href":"https:\/\/bitai-method.net\/de\/wp-json\/wp\/v2\/comments?post=19"}],"version-history":[{"count":0,"href":"https:\/\/bitai-method.net\/de\/wp-json\/wp\/v2\/pages\/19\/revisions"}],"wp:attachment":[{"href":"https:\/\/bitai-method.net\/de\/wp-json\/wp\/v2\/media?parent=19"}],"curies":[{"name":"wp","href":"https:\/\/api.w.org\/{rel}","templated":true}]}}