{"id":19,"date":"2025-07-24T05:45:30","date_gmt":"2025-07-24T05:45:30","guid":{"rendered":"https:\/\/bitai-method.net\/?page_id=19"},"modified":"2025-08-01T10:48:49","modified_gmt":"2025-08-01T10:48:49","slug":"politica-de-privacidad","status":"publish","type":"page","link":"https:\/\/bitai-method.net\/es\/privacy-policy\/","title":{"rendered":"pol\u00edtica de privacidad"},"content":{"rendered":"<div data-elementor-type=\"wp-page\" data-elementor-id=\"19\" class=\"elementor elementor-19\" data-elementor-post-type=\"page\">\n\t\t\t\t<div class=\"elementor-element elementor-element-b1b0924 e-flex e-con-boxed e-con e-parent\" data-id=\"b1b0924\" data-element_type=\"container\" data-e-type=\"container\" data-settings=\"{&quot;background_background&quot;:&quot;classic&quot;}\">\n\t\t\t\t\t<div class=\"e-con-inner\">\n\t\t\t\t<div class=\"elementor-element elementor-element-67d296c elementor-widget elementor-widget-heading\" data-id=\"67d296c\" data-element_type=\"widget\" data-e-type=\"widget\" data-widget_type=\"heading.default\">\n\t\t\t\t\t<h1 class=\"elementor-heading-title elementor-size-default\">pol\u00edtica de privacidad<\/h1>\t\t\t\t<\/div>\n\t\t\t\t<div class=\"elementor-element elementor-element-f0e6e24 elementor-icon-list--layout-inline elementor-list-item-link-full_width elementor-widget elementor-widget-icon-list\" data-id=\"f0e6e24\" data-element_type=\"widget\" data-e-type=\"widget\" data-widget_type=\"icon-list.default\">\n\t\t\t\t\t\t\t<ul class=\"elementor-icon-list-items elementor-inline-items\">\n\t\t\t\t\t\t\t<li class=\"elementor-icon-list-item elementor-inline-item\">\n\t\t\t\t\t\t\t\t\t\t\t<a href=\"https:\/\/bitai-method.net\/es\">\n\n\t\t\t\t\t\t\t\t\t\t\t\t<span class=\"elementor-icon-list-icon\">\n\t\t\t\t\t\t\t<svg aria-hidden=\"true\" class=\"e-font-icon-svg e-fas-circle\" viewbox=\"0 0 512 512\" xmlns=\"http:\/\/www.w3.org\/2000\/svg\"><path d=\"M256 8C119 8 8 119 8 256s111 248 248 248 248-111 248-248S393 8 256 8z\"><\/path><\/svg>\t\t\t\t\t\t<\/span>\n\t\t\t\t\t\t\t\t\t\t<span class=\"elementor-icon-list-text\">Hogar<\/span>\n\t\t\t\t\t\t\t\t\t\t\t<\/a>\n\t\t\t\t\t\t\t\t\t<\/li>\n\t\t\t\t\t\t\t\t<li class=\"elementor-icon-list-item elementor-inline-item\">\n\t\t\t\t\t\t\t\t\t\t\t<span class=\"elementor-icon-list-icon\">\n\t\t\t\t\t\t\t<svg aria-hidden=\"true\" class=\"e-font-icon-svg e-fas-circle\" viewbox=\"0 0 512 512\" xmlns=\"http:\/\/www.w3.org\/2000\/svg\"><path d=\"M256 8C119 8 8 119 8 256s111 248 248 248 248-111 248-248S393 8 256 8z\"><\/path><\/svg>\t\t\t\t\t\t<\/span>\n\t\t\t\t\t\t\t\t\t\t<span class=\"elementor-icon-list-text\">pol\u00edtica de privacidad<\/span>\n\t\t\t\t\t\t\t\t\t<\/li>\n\t\t\t\t\t\t<\/ul>\n\t\t\t\t\t\t<\/div>\n\t\t\t\t<div class=\"elementor-element elementor-element-1c3e6f1 elementor-absolute elementor-hidden-mobile elementor-widget elementor-widget-heading\" data-id=\"1c3e6f1\" data-element_type=\"widget\" data-e-type=\"widget\" data-settings=\"{&quot;_position&quot;:&quot;absolute&quot;}\" data-widget_type=\"heading.default\">\n\t\t\t\t\t<h2 class=\"elementor-heading-title elementor-size-default\">POL\u00cdTICA DE PRIVACIDAD<\/h2>\t\t\t\t<\/div>\n\t\t\t\t\t<\/div>\n\t\t\t\t<\/div>\n\t\t<div class=\"elementor-element elementor-element-899c78a e-flex e-con-boxed e-con e-parent\" data-id=\"899c78a\" data-element_type=\"container\" data-e-type=\"container\" data-settings=\"{&quot;background_background&quot;:&quot;classic&quot;}\">\n\t\t\t\t\t<div class=\"e-con-inner\">\n\t\t\t\t<div class=\"elementor-element elementor-element-8b0d46c elementor-widget elementor-widget-text-editor\" data-id=\"8b0d46c\" data-element_type=\"widget\" data-e-type=\"widget\" data-widget_type=\"text-editor.default\">\n\t\t\t\t\t\t\t\t\t<p>En <strong>Bit Ai Method\u00a0<\/strong>Su privacidad es nuestra prioridad. Los datos personales se conservan solo el tiempo necesario, y los usuarios con cuentas activas son responsables de gestionar su informaci\u00f3n. Al cancelar la cuenta, los datos relacionados se eliminar\u00e1n de acuerdo con las leyes y pol\u00edticas aplicables.<\/p>\t\t\t\t\t\t\t\t<\/div>\n\t\t\t\t<div class=\"elementor-element elementor-element-d8cb3db elementor-widget elementor-widget-heading\" data-id=\"d8cb3db\" data-element_type=\"widget\" data-e-type=\"widget\" data-widget_type=\"heading.default\">\n\t\t\t\t\t<h2 class=\"elementor-heading-title elementor-size-default\">Introducci\u00f3n<\/h2>\t\t\t\t<\/div>\n\t\t\t\t<div class=\"elementor-element elementor-element-b163bbc elementor-widget elementor-widget-text-editor\" data-id=\"b163bbc\" data-element_type=\"widget\" data-e-type=\"widget\" data-widget_type=\"text-editor.default\">\n\t\t\t\t\t\t\t\t\t<p>Esta Pol\u00edtica de Privacidad describe c\u00f3mo <b>Bit Ai Method<\/b>\u00a0(\u201cnosotros\u201d, \u201cnos\u201d o \u201cnuestro\u201d) recopila, utiliza y protege la informaci\u00f3n recopilada a trav\u00e9s de nuestro sitio web (\u201cel Sitio Web\u201d) y nuestros servicios (\u201clos Servicios\u201d). La protecci\u00f3n de sus datos personales es fundamental para nosotros.<\/p><p>Aunque nuestro sitio web puede incluir enlaces a sitios de terceros, no nos responsabilizamos de sus pr\u00e1cticas de privacidad. Por favor, revise sus pol\u00edticas antes de proporcionar cualquier dato. Implementamos estrictas medidas de seguridad y organizativas para proteger la informaci\u00f3n personal proporcionada por los usuarios.<\/p><p>Para usar nuestro sitio web, es posible que se le solicite informaci\u00f3n como su nombre, correo electr\u00f3nico, n\u00famero de tel\u00e9fono y otros datos. Estos datos nos ayudan a verificar su identidad, brindarle soporte y cumplir con nuestras obligaciones legales. Puede administrar sus preferencias o cancelar su suscripci\u00f3n a nuestras comunicaciones en cualquier momento.<\/p>\t\t\t\t\t\t\t\t<\/div>\n\t\t\t\t<div class=\"elementor-element elementor-element-410dcc5 elementor-widget elementor-widget-heading\" data-id=\"410dcc5\" data-element_type=\"widget\" data-e-type=\"widget\" data-widget_type=\"heading.default\">\n\t\t\t\t\t<h2 class=\"elementor-heading-title elementor-size-default\">Informaci\u00f3n que recopilamos<\/h2>\t\t\t\t<\/div>\n\t\t\t\t<div class=\"elementor-element elementor-element-5d3a8d5 elementor-widget elementor-widget-text-editor\" data-id=\"5d3a8d5\" data-element_type=\"widget\" data-e-type=\"widget\" data-widget_type=\"text-editor.default\">\n\t\t\t\t\t\t\t\t\tRecopilamos los datos personales que nos proporciona, incluyendo su nombre, direcci\u00f3n de correo electr\u00f3nico, n\u00famero de tel\u00e9fono y cualquier otra informaci\u00f3n adicional que comparta a trav\u00e9s de formularios o comunicaci\u00f3n directa. Al registrar una cuenta, tambi\u00e9n podemos solicitarle el nombre de su empresa, su direcci\u00f3n y otros datos de contacto.\t\t\t\t\t\t\t\t<\/div>\n\t\t\t\t<div class=\"elementor-element elementor-element-b3efa35 elementor-widget elementor-widget-heading\" data-id=\"b3efa35\" data-element_type=\"widget\" data-e-type=\"widget\" data-widget_type=\"heading.default\">\n\t\t\t\t\t<h2 class=\"elementor-heading-title elementor-size-default\">Recopilaci\u00f3n y uso de datos<\/h2>\t\t\t\t<\/div>\n\t\t\t\t<div class=\"elementor-element elementor-element-4bd0d34 elementor-widget elementor-widget-text-editor\" data-id=\"4bd0d34\" data-element_type=\"widget\" data-e-type=\"widget\" data-widget_type=\"text-editor.default\">\n\t\t\t\t\t\t\t\t\tMediante el uso<strong> Bit Ai Method<\/strong>\u00a0Usted consiente la recopilaci\u00f3n y el tratamiento de datos personales, incluyendo cookies y env\u00edos de formularios. Estos datos se utilizan para mejorar nuestro sitio web, adaptar nuestros servicios y cumplir con nuestras obligaciones contractuales o legales.<\/p>\n\n<ul data-spread=\"false\">\n \t<li><strong>Registro de cuenta:<\/strong>\u00a0Basado en su consentimiento o necesidad contractual.<\/li>\n \t<li><strong>Prestaci\u00f3n de servicios:<\/strong>\u00a0Para cumplir acuerdos y prestar servicios.<\/li>\n \t<li><strong>Soporte y comunicaci\u00f3n:<\/strong>\u00a0Por intereses leg\u00edtimos o cumplimiento legal.<\/li>\n \t<li><strong>Marketing:<\/strong>\u00a0Con su consentimiento expl\u00edcito.<\/li>\n \t<li><strong>Mejora y an\u00e1lisis:<\/strong>\u00a0Por intereses leg\u00edtimos o en base a su consentimiento.<\/li>\n<\/ul>\t\t\t\t\t\t\t\t<\/div>\n\t\t\t\t<div class=\"elementor-element elementor-element-f11ab61 elementor-widget elementor-widget-heading\" data-id=\"f11ab61\" data-element_type=\"widget\" data-e-type=\"widget\" data-widget_type=\"heading.default\">\n\t\t\t\t\t<h2 class=\"elementor-heading-title elementor-size-default\">Intercambio de datos<\/h2>\t\t\t\t<\/div>\n\t\t\t\t<div class=\"elementor-element elementor-element-f9d9de8 elementor-widget elementor-widget-text-editor\" data-id=\"f9d9de8\" data-element_type=\"widget\" data-e-type=\"widget\" data-widget_type=\"text-editor.default\">\n\t\t\t\t\t\t\t\t\tPodemos compartir sus datos con socios y proveedores de confianza para mejorar nuestro sitio web y nuestros servicios. Para los usuarios de la UE, el tratamiento de datos cumple con el RGPD y otras normativas aplicables.\t\t\t\t\t\t\t\t<\/div>\n\t\t\t\t<div class=\"elementor-element elementor-element-b63d797 elementor-widget elementor-widget-heading\" data-id=\"b63d797\" data-element_type=\"widget\" data-e-type=\"widget\" data-widget_type=\"heading.default\">\n\t\t\t\t\t<h2 class=\"elementor-heading-title elementor-size-default\">Seguridad<\/h2>\t\t\t\t<\/div>\n\t\t\t\t<div class=\"elementor-element elementor-element-d012953 elementor-widget elementor-widget-text-editor\" data-id=\"d012953\" data-element_type=\"widget\" data-e-type=\"widget\" data-widget_type=\"text-editor.default\">\n\t\t\t\t\t\t\t\t\tUtilizamos medidas robustas para proteger sus datos personales contra accesos no autorizados o usos indebidos. Sin embargo, ning\u00fan sistema es totalmente inmune a las vulneraciones. Notif\u00edquenos de inmediato si sospecha que sus datos se han visto comprometidos.\t\t\t\t\t\t\t\t<\/div>\n\t\t\t\t<div class=\"elementor-element elementor-element-ec9a151 elementor-widget elementor-widget-heading\" data-id=\"ec9a151\" data-element_type=\"widget\" data-e-type=\"widget\" data-widget_type=\"heading.default\">\n\t\t\t\t\t<h2 class=\"elementor-heading-title elementor-size-default\">Galletas<\/h2>\t\t\t\t<\/div>\n\t\t\t\t<div class=\"elementor-element elementor-element-4d5f16e elementor-widget elementor-widget-text-editor\" data-id=\"4d5f16e\" data-element_type=\"widget\" data-e-type=\"widget\" data-widget_type=\"text-editor.default\">\n\t\t\t\t\t\t\t\t\tNuestro sitio web utiliza cookies para mejorar su experiencia. Para obtener m\u00e1s informaci\u00f3n sobre el uso de cookies y la gesti\u00f3n de sus preferencias, consulte nuestra Pol\u00edtica de Cookies.\t\t\t\t\t\t\t\t<\/div>\n\t\t\t\t<div class=\"elementor-element elementor-element-ca5272d elementor-widget elementor-widget-heading\" data-id=\"ca5272d\" data-element_type=\"widget\" data-e-type=\"widget\" data-widget_type=\"heading.default\">\n\t\t\t\t\t<h2 class=\"elementor-heading-title elementor-size-default\">Enlaces externos<\/h2>\t\t\t\t<\/div>\n\t\t\t\t<div class=\"elementor-element elementor-element-c9d7e09 elementor-widget elementor-widget-text-editor\" data-id=\"c9d7e09\" data-element_type=\"widget\" data-e-type=\"widget\" data-widget_type=\"text-editor.default\">\n\t\t\t\t\t\t\t\t\t<p><strong>Bit Ai Method<\/strong>\u00a0No nos responsabilizamos de las pr\u00e1cticas de privacidad de sitios web de terceros enlazados en nuestro sitio web. Revise sus pol\u00edticas de privacidad antes de compartir cualquier dato.<\/p>\t\t\t\t\t\t\t\t<\/div>\n\t\t\t\t<div class=\"elementor-element elementor-element-f523a7e elementor-widget elementor-widget-heading\" data-id=\"f523a7e\" data-element_type=\"widget\" data-e-type=\"widget\" data-widget_type=\"heading.default\">\n\t\t\t\t\t<h2 class=\"elementor-heading-title elementor-size-default\">Retenci\u00f3n y eliminaci\u00f3n de datos<\/h2>\t\t\t\t<\/div>\n\t\t\t\t<div class=\"elementor-element elementor-element-8f70d36 elementor-widget elementor-widget-text-editor\" data-id=\"8f70d36\" data-element_type=\"widget\" data-e-type=\"widget\" data-widget_type=\"text-editor.default\">\n\t\t\t\t\t\t\t\t\tLos datos personales se conservan solo el tiempo necesario. Los usuarios de cuentas activas gestionan sus datos, y las cuentas canceladas se eliminar\u00e1n de conformidad con la legislaci\u00f3n vigente.\t\t\t\t\t\t\t\t<\/div>\n\t\t\t\t<div class=\"elementor-element elementor-element-88738de elementor-widget elementor-widget-heading\" data-id=\"88738de\" data-element_type=\"widget\" data-e-type=\"widget\" data-widget_type=\"heading.default\">\n\t\t\t\t\t<h2 class=\"elementor-heading-title elementor-size-default\">Derechos de usuario<\/h2>\t\t\t\t<\/div>\n\t\t\t\t<div class=\"elementor-element elementor-element-4c13aa9 elementor-widget elementor-widget-text-editor\" data-id=\"4c13aa9\" data-element_type=\"widget\" data-e-type=\"widget\" data-widget_type=\"text-editor.default\">\n\t\t\t\t\t\t\t\t\tUsted tiene derecho a:<\/p>\n\n<ul data-spread=\"false\">\n \t<li>Acceda a sus datos personales.<\/li>\n \t<li>Corrija cualquier inexactitud.<\/li>\n \t<li>Solicitar la eliminaci\u00f3n de datos en circunstancias espec\u00edficas.<\/li>\n \t<li>Restringir u oponerse al procesamiento de datos.<\/li>\n \t<li>Retirar el consentimiento en cualquier momento.<\/li>\n \t<li>Solicitar la portabilidad de datos en formato estructurado.<\/li>\n<\/ul>\t\t\t\t\t\t\t\t<\/div>\n\t\t\t\t<div class=\"elementor-element elementor-element-0436578 elementor-widget elementor-widget-heading\" data-id=\"0436578\" data-element_type=\"widget\" data-e-type=\"widget\" data-widget_type=\"heading.default\">\n\t\t\t\t\t<h2 class=\"elementor-heading-title elementor-size-default\">Materiales de marketing<\/h2>\t\t\t\t<\/div>\n\t\t\t\t<div class=\"elementor-element elementor-element-ac9a77c elementor-widget elementor-widget-text-editor\" data-id=\"ac9a77c\" data-element_type=\"widget\" data-e-type=\"widget\" data-widget_type=\"text-editor.default\">\n\t\t\t\t\t\t\t\t\tCon su consentimiento, utilizamos sus datos personales para enviarle materiales de marketing. Puede revocar este consentimiento en cualquier momento poni\u00e9ndose en contacto con nosotros.\t\t\t\t\t\t\t\t<\/div>\n\t\t\t\t<div class=\"elementor-element elementor-element-595f4be elementor-widget elementor-widget-heading\" data-id=\"595f4be\" data-element_type=\"widget\" data-e-type=\"widget\" data-widget_type=\"heading.default\">\n\t\t\t\t\t<h2 class=\"elementor-heading-title elementor-size-default\">Aceptaci\u00f3n de esta Pol\u00edtica<\/h2>\t\t\t\t<\/div>\n\t\t\t\t<div class=\"elementor-element elementor-element-64e3092 elementor-widget elementor-widget-text-editor\" data-id=\"64e3092\" data-element_type=\"widget\" data-e-type=\"widget\" data-widget_type=\"text-editor.default\">\n\t\t\t\t\t\t\t\t\t<p>Mediante el uso <b>Bit Ai Method<\/b>\u00a0Al usar el sitio web o los servicios, usted acepta esta Pol\u00edtica de privacidad. El uso continuado despu\u00e9s de las actualizaciones implica la aceptaci\u00f3n de cualquier cambio.<\/p>\t\t\t\t\t\t\t\t<\/div>\n\t\t\t\t<div class=\"elementor-element elementor-element-6ec6cca elementor-widget elementor-widget-heading\" data-id=\"6ec6cca\" data-element_type=\"widget\" data-e-type=\"widget\" data-widget_type=\"heading.default\">\n\t\t\t\t\t<h2 class=\"elementor-heading-title elementor-size-default\">Contacta con nosotras<\/h2>\t\t\t\t<\/div>\n\t\t\t\t<div class=\"elementor-element elementor-element-9583e53 elementor-widget elementor-widget-text-editor\" data-id=\"9583e53\" data-element_type=\"widget\" data-e-type=\"widget\" data-widget_type=\"text-editor.default\">\n\t\t\t\t\t\t\t\t\t<p>Si tiene alguna pregunta, inquietud o consulta sobre esta Pol\u00edtica de Privacidad o sobre c\u00f3mo gestionamos su informaci\u00f3n, no dude en contactarnos. Puede contactar con nuestro equipo de soporte en [Insert address missing]. Si tiene alguna pregunta, inquietud o consulta sobre esta Pol\u00edtica de Privacidad o sobre c\u00f3mo gestionamos su informaci\u00f3n, no dude en contactarnos. Puede contactar con nuestro equipo de soporte en [Insert address missing]. <a href=\"mailto:support@bitai-method.net\">support@bitai-method.net<\/a><\/p>\t\t\t\t\t\t\t\t<\/div>\n\t\t\t\t\t<\/div>\n\t\t\t\t<\/div>\n\t\t\t\t<\/div>","protected":false},"excerpt":{"rendered":"<p>Privacy Policy Home Privacy Policy PRIVACY POLICY At Bit Ai Method\u00a0your privacy is our priority. Personal data is retained only as long as necessary, and users with active accounts are responsible for managing their information. Upon account termination, related data will be deleted in accordance with applicable laws and policies. Introduction This Privacy Policy outlines [&hellip;]<\/p>\n","protected":false},"author":1,"featured_media":0,"parent":0,"menu_order":0,"comment_status":"closed","ping_status":"closed","template":"","meta":{"footnotes":""},"class_list":["post-19","page","type-page","status-publish","hentry"],"_links":{"self":[{"href":"https:\/\/bitai-method.net\/es\/wp-json\/wp\/v2\/pages\/19","targetHints":{"allow":["GET"]}}],"collection":[{"href":"https:\/\/bitai-method.net\/es\/wp-json\/wp\/v2\/pages"}],"about":[{"href":"https:\/\/bitai-method.net\/es\/wp-json\/wp\/v2\/types\/page"}],"author":[{"embeddable":true,"href":"https:\/\/bitai-method.net\/es\/wp-json\/wp\/v2\/users\/1"}],"replies":[{"embeddable":true,"href":"https:\/\/bitai-method.net\/es\/wp-json\/wp\/v2\/comments?post=19"}],"version-history":[{"count":0,"href":"https:\/\/bitai-method.net\/es\/wp-json\/wp\/v2\/pages\/19\/revisions"}],"wp:attachment":[{"href":"https:\/\/bitai-method.net\/es\/wp-json\/wp\/v2\/media?parent=19"}],"curies":[{"name":"wp","href":"https:\/\/api.w.org\/{rel}","templated":true}]}}