{"id":563,"date":"2025-10-23T11:52:06","date_gmt":"2025-10-23T11:52:06","guid":{"rendered":"https:\/\/bitai-method.net\/?page_id=563"},"modified":"2025-10-28T12:04:38","modified_gmt":"2025-10-28T12:04:38","slug":"descargar-aplicacion-de-amazon","status":"publish","type":"page","link":"https:\/\/bitai-method.net\/es\/download-amazon-app\/","title":{"rendered":"download amazon app"},"content":{"rendered":"<div data-elementor-type=\"wp-page\" data-elementor-id=\"563\" class=\"elementor elementor-563\" data-elementor-post-type=\"page\">\n\t\t\t\t<div class=\"elementor-element elementor-element-cdc0d18 e-flex e-con-boxed e-con e-parent\" data-id=\"cdc0d18\" data-element_type=\"container\" data-e-type=\"container\">\n\t\t\t\t\t<div class=\"e-con-inner\">\n\t\t<div class=\"elementor-element elementor-element-c30b246 e-con-full e-flex e-con e-child\" data-id=\"c30b246\" data-element_type=\"container\" data-e-type=\"container\">\n\t\t\t\t<div class=\"elementor-element elementor-element-4b45c28 elementor-widget elementor-widget-heading\" data-id=\"4b45c28\" data-element_type=\"widget\" data-e-type=\"widget\" data-widget_type=\"heading.default\">\n\t\t\t\t\t<h1 class=\"elementor-heading-title elementor-size-default\">C\u00f3mo instalar una aplicaci\u00f3n de AWS Appstore en un tel\u00e9fono Android<\/h1>\t\t\t\t<\/div>\n\t\t\t\t<div class=\"elementor-element elementor-element-44294f9 elementor-widget elementor-widget-text-editor\" data-id=\"44294f9\" data-element_type=\"widget\" data-e-type=\"widget\" data-widget_type=\"text-editor.default\">\n\t\t\t\t\t\t\t\t\t<ol><li>Instalar la Amazon AppStore.<\/li><li>Cree una cuenta e inicie sesi\u00f3n en Amazon AppStore.<\/li><li>Busque la aplicaci\u00f3n \u201cBit Alpha AI\u201d y haga clic <a href=\"https:\/\/www.amazon.com\/gp\/product\/B0DT9R7SYJ\" target=\"_blank\" rel=\"noopener\">Obtener la aplicaci\u00f3n.<\/a><\/li><li>Instalar y utilizar la aplicaci\u00f3n.<\/li><\/ol>\t\t\t\t\t\t\t\t<\/div>\n\t\t\t\t<\/div>\n\t\t<div class=\"elementor-element elementor-element-809e931 e-con-full e-flex e-con e-child\" data-id=\"809e931\" data-element_type=\"container\" data-e-type=\"container\">\n\t\t\t\t<div class=\"elementor-element elementor-element-614c274 elementor-widget__width-initial elementor-widget-tablet__width-initial elementor-widget-mobile__width-initial elementor-widget elementor-widget-image\" data-id=\"614c274\" data-element_type=\"widget\" data-e-type=\"widget\" data-widget_type=\"image.default\">\n\t\t\t\t\t\t\t\t\t\t\t\t\t\t\t<img fetchpriority=\"high\" decoding=\"async\" width=\"594\" height=\"1024\" src=\"https:\/\/bitai-method.net\/wp-content\/uploads\/2025\/10\/Bit-Alpha-Ai-Amazon-Screenshot-594x1024-1.webp\" class=\"attachment-large size-large wp-image-565\" alt=\"\" srcset=\"https:\/\/bitai-method.net\/wp-content\/uploads\/2025\/10\/Bit-Alpha-Ai-Amazon-Screenshot-594x1024-1.webp 594w, https:\/\/bitai-method.net\/wp-content\/uploads\/2025\/10\/Bit-Alpha-Ai-Amazon-Screenshot-594x1024-1-174x300.webp 174w, https:\/\/bitai-method.net\/wp-content\/uploads\/2025\/10\/Bit-Alpha-Ai-Amazon-Screenshot-594x1024-1-7x12.webp 7w\" sizes=\"(max-width: 594px) 100vw, 594px\" \/>\t\t\t\t\t\t\t\t\t\t\t\t\t\t\t<\/div>\n\t\t\t\t<\/div>\n\t\t\t\t\t<\/div>\n\t\t\t\t<\/div>\n\t\t\t\t<\/div>","protected":false},"excerpt":{"rendered":"<p>How to install app from AWS Appstore to android Phone Install the Amazon AppStore. Create account and login to Amazon AppStore. Search for app \u201cBit Alpha AI\u201d and click Get App. Install and use App.<\/p>","protected":false},"author":1,"featured_media":0,"parent":0,"menu_order":0,"comment_status":"closed","ping_status":"closed","template":"","meta":{"footnotes":""},"class_list":["post-563","page","type-page","status-publish","hentry"],"_links":{"self":[{"href":"https:\/\/bitai-method.net\/es\/wp-json\/wp\/v2\/pages\/563","targetHints":{"allow":["GET"]}}],"collection":[{"href":"https:\/\/bitai-method.net\/es\/wp-json\/wp\/v2\/pages"}],"about":[{"href":"https:\/\/bitai-method.net\/es\/wp-json\/wp\/v2\/types\/page"}],"author":[{"embeddable":true,"href":"https:\/\/bitai-method.net\/es\/wp-json\/wp\/v2\/users\/1"}],"replies":[{"embeddable":true,"href":"https:\/\/bitai-method.net\/es\/wp-json\/wp\/v2\/comments?post=563"}],"version-history":[{"count":0,"href":"https:\/\/bitai-method.net\/es\/wp-json\/wp\/v2\/pages\/563\/revisions"}],"wp:attachment":[{"href":"https:\/\/bitai-method.net\/es\/wp-json\/wp\/v2\/media?parent=563"}],"curies":[{"name":"wp","href":"https:\/\/api.w.org\/{rel}","templated":true}]}}