{"id":19,"date":"2025-07-24T05:45:30","date_gmt":"2025-07-24T05:45:30","guid":{"rendered":"https:\/\/bitai-method.net\/?page_id=19"},"modified":"2025-08-01T10:48:49","modified_gmt":"2025-08-01T10:48:49","slug":"politica-de-privacidade","status":"publish","type":"page","link":"https:\/\/bitai-method.net\/pt\/privacy-policy\/","title":{"rendered":"pol\u00edtica de Privacidade"},"content":{"rendered":"<div data-elementor-type=\"wp-page\" data-elementor-id=\"19\" class=\"elementor elementor-19\" data-elementor-post-type=\"page\">\n\t\t\t\t<div class=\"elementor-element elementor-element-b1b0924 e-flex e-con-boxed e-con e-parent\" data-id=\"b1b0924\" data-element_type=\"container\" data-e-type=\"container\" data-settings=\"{&quot;background_background&quot;:&quot;classic&quot;}\">\n\t\t\t\t\t<div class=\"e-con-inner\">\n\t\t\t\t<div class=\"elementor-element elementor-element-67d296c elementor-widget elementor-widget-heading\" data-id=\"67d296c\" data-element_type=\"widget\" data-e-type=\"widget\" data-widget_type=\"heading.default\">\n\t\t\t\t\t<h1 class=\"elementor-heading-title elementor-size-default\">pol\u00edtica de Privacidade<\/h1>\t\t\t\t<\/div>\n\t\t\t\t<div class=\"elementor-element elementor-element-f0e6e24 elementor-icon-list--layout-inline elementor-list-item-link-full_width elementor-widget elementor-widget-icon-list\" data-id=\"f0e6e24\" data-element_type=\"widget\" data-e-type=\"widget\" data-widget_type=\"icon-list.default\">\n\t\t\t\t\t\t\t<ul class=\"elementor-icon-list-items elementor-inline-items\">\n\t\t\t\t\t\t\t<li class=\"elementor-icon-list-item elementor-inline-item\">\n\t\t\t\t\t\t\t\t\t\t\t<a href=\"https:\/\/bitai-method.net\/pt\">\n\n\t\t\t\t\t\t\t\t\t\t\t\t<span class=\"elementor-icon-list-icon\">\n\t\t\t\t\t\t\t<svg aria-hidden=\"true\" class=\"e-font-icon-svg e-fas-circle\" viewbox=\"0 0 512 512\" xmlns=\"http:\/\/www.w3.org\/2000\/svg\"><path d=\"M256 8C119 8 8 119 8 256s111 248 248 248 248-111 248-248S393 8 256 8z\"><\/path><\/svg>\t\t\t\t\t\t<\/span>\n\t\t\t\t\t\t\t\t\t\t<span class=\"elementor-icon-list-text\">Lar<\/span>\n\t\t\t\t\t\t\t\t\t\t\t<\/a>\n\t\t\t\t\t\t\t\t\t<\/li>\n\t\t\t\t\t\t\t\t<li class=\"elementor-icon-list-item elementor-inline-item\">\n\t\t\t\t\t\t\t\t\t\t\t<span class=\"elementor-icon-list-icon\">\n\t\t\t\t\t\t\t<svg aria-hidden=\"true\" class=\"e-font-icon-svg e-fas-circle\" viewbox=\"0 0 512 512\" xmlns=\"http:\/\/www.w3.org\/2000\/svg\"><path d=\"M256 8C119 8 8 119 8 256s111 248 248 248 248-111 248-248S393 8 256 8z\"><\/path><\/svg>\t\t\t\t\t\t<\/span>\n\t\t\t\t\t\t\t\t\t\t<span class=\"elementor-icon-list-text\">pol\u00edtica de Privacidade<\/span>\n\t\t\t\t\t\t\t\t\t<\/li>\n\t\t\t\t\t\t<\/ul>\n\t\t\t\t\t\t<\/div>\n\t\t\t\t<div class=\"elementor-element elementor-element-1c3e6f1 elementor-absolute elementor-hidden-mobile elementor-widget elementor-widget-heading\" data-id=\"1c3e6f1\" data-element_type=\"widget\" data-e-type=\"widget\" data-settings=\"{&quot;_position&quot;:&quot;absolute&quot;}\" data-widget_type=\"heading.default\">\n\t\t\t\t\t<h2 class=\"elementor-heading-title elementor-size-default\">POL\u00cdTICA DE PRIVACIDADE<\/h2>\t\t\t\t<\/div>\n\t\t\t\t\t<\/div>\n\t\t\t\t<\/div>\n\t\t<div class=\"elementor-element elementor-element-899c78a e-flex e-con-boxed e-con e-parent\" data-id=\"899c78a\" data-element_type=\"container\" data-e-type=\"container\" data-settings=\"{&quot;background_background&quot;:&quot;classic&quot;}\">\n\t\t\t\t\t<div class=\"e-con-inner\">\n\t\t\t\t<div class=\"elementor-element elementor-element-8b0d46c elementor-widget elementor-widget-text-editor\" data-id=\"8b0d46c\" data-element_type=\"widget\" data-e-type=\"widget\" data-widget_type=\"text-editor.default\">\n\t\t\t\t\t\t\t\t\t<p>No <strong>Bit Ai Method\u00a0<\/strong>Sua privacidade \u00e9 nossa prioridade. Os dados pessoais s\u00e3o retidos apenas pelo tempo necess\u00e1rio, e os usu\u00e1rios com contas ativas s\u00e3o respons\u00e1veis por gerenciar suas informa\u00e7\u00f5es. Ap\u00f3s o encerramento da conta, os dados relacionados ser\u00e3o exclu\u00eddos de acordo com as leis e pol\u00edticas aplic\u00e1veis.<\/p>\t\t\t\t\t\t\t\t<\/div>\n\t\t\t\t<div class=\"elementor-element elementor-element-d8cb3db elementor-widget elementor-widget-heading\" data-id=\"d8cb3db\" data-element_type=\"widget\" data-e-type=\"widget\" data-widget_type=\"heading.default\">\n\t\t\t\t\t<h2 class=\"elementor-heading-title elementor-size-default\">Introdu\u00e7\u00e3o<\/h2>\t\t\t\t<\/div>\n\t\t\t\t<div class=\"elementor-element elementor-element-b163bbc elementor-widget elementor-widget-text-editor\" data-id=\"b163bbc\" data-element_type=\"widget\" data-e-type=\"widget\" data-widget_type=\"text-editor.default\">\n\t\t\t\t\t\t\t\t\t<p>Esta Pol\u00edtica de Privacidade descreve como <b>Bit Ai Method<\/b>\u00a0(\u201cn\u00f3s\u201d, \u201cnos\u201d ou \u201cnosso\u201d) coleta, utiliza e protege as informa\u00e7\u00f5es coletadas por meio do nosso site (\u201co Site\u201d) e dos nossos servi\u00e7os (\u201cos Servi\u00e7os\u201d). A prote\u00e7\u00e3o dos seus dados pessoais \u00e9 de extrema import\u00e2ncia para n\u00f3s.<\/p><p>Embora nosso site possa incluir links para sites de terceiros, n\u00e3o somos respons\u00e1veis por suas pr\u00e1ticas de privacidade. Revise as pol\u00edticas deles antes de fornecer quaisquer dados. Implementamos fortes medidas de seguran\u00e7a e organiza\u00e7\u00e3o para proteger as informa\u00e7\u00f5es pessoais fornecidas pelos usu\u00e1rios.<\/p><p>Para utilizar nosso Site, voc\u00ea poder\u00e1 ser solicitado a fornecer informa\u00e7\u00f5es como seu nome, e-mail, n\u00famero de telefone e outros detalhes. Esses dados nos ajudam a verificar sua identidade, fornecer suporte e cumprir obriga\u00e7\u00f5es legais. Voc\u00ea pode gerenciar suas prefer\u00eancias ou cancelar o recebimento de comunica\u00e7\u00f5es a qualquer momento.<\/p>\t\t\t\t\t\t\t\t<\/div>\n\t\t\t\t<div class=\"elementor-element elementor-element-410dcc5 elementor-widget elementor-widget-heading\" data-id=\"410dcc5\" data-element_type=\"widget\" data-e-type=\"widget\" data-widget_type=\"heading.default\">\n\t\t\t\t\t<h2 class=\"elementor-heading-title elementor-size-default\">Informa\u00e7\u00f5es que coletamos<\/h2>\t\t\t\t<\/div>\n\t\t\t\t<div class=\"elementor-element elementor-element-5d3a8d5 elementor-widget elementor-widget-text-editor\" data-id=\"5d3a8d5\" data-element_type=\"widget\" data-e-type=\"widget\" data-widget_type=\"text-editor.default\">\n\t\t\t\t\t\t\t\t\tColetamos os dados pessoais que voc\u00ea nos fornece, incluindo seu nome, endere\u00e7o de e-mail, n\u00famero de telefone e quaisquer informa\u00e7\u00f5es adicionais compartilhadas por meio de formul\u00e1rios ou comunica\u00e7\u00e3o direta. Ao registrar uma conta, tamb\u00e9m podemos solicitar o nome da empresa, endere\u00e7o e outros dados de contato.\t\t\t\t\t\t\t\t<\/div>\n\t\t\t\t<div class=\"elementor-element elementor-element-b3efa35 elementor-widget elementor-widget-heading\" data-id=\"b3efa35\" data-element_type=\"widget\" data-e-type=\"widget\" data-widget_type=\"heading.default\">\n\t\t\t\t\t<h2 class=\"elementor-heading-title elementor-size-default\">Coleta e uso de dados<\/h2>\t\t\t\t<\/div>\n\t\t\t\t<div class=\"elementor-element elementor-element-4bd0d34 elementor-widget elementor-widget-text-editor\" data-id=\"4bd0d34\" data-element_type=\"widget\" data-e-type=\"widget\" data-widget_type=\"text-editor.default\">\n\t\t\t\t\t\t\t\t\tAo usar<strong> Bit Ai Method<\/strong>\u00a0Voc\u00ea consente com a coleta e o processamento de dados pessoais, incluindo cookies e envios de formul\u00e1rios. Esses dados s\u00e3o usados para aprimorar nosso Site, personalizar nossos Servi\u00e7os e cumprir obriga\u00e7\u00f5es contratuais ou legais.<\/p>\n\n<ul data-spread=\"false\">\n \t<li><strong>Registro de conta:<\/strong>\u00a0Com base no seu consentimento ou necessidade contratual.<\/li>\n \t<li><strong>Presta\u00e7\u00e3o de servi\u00e7os:<\/strong>\u00a0Para cumprir acordos e prestar servi\u00e7os.<\/li>\n \t<li><strong>Suporte e comunica\u00e7\u00e3o:<\/strong>\u00a0Para interesses leg\u00edtimos ou conformidade legal.<\/li>\n \t<li><strong>Marketing:<\/strong>\u00a0Com seu consentimento expl\u00edcito.<\/li>\n \t<li><strong>Melhoria e an\u00e1lise:<\/strong>\u00a0Para interesses leg\u00edtimos ou com base no seu consentimento.<\/li>\n<\/ul>\t\t\t\t\t\t\t\t<\/div>\n\t\t\t\t<div class=\"elementor-element elementor-element-f11ab61 elementor-widget elementor-widget-heading\" data-id=\"f11ab61\" data-element_type=\"widget\" data-e-type=\"widget\" data-widget_type=\"heading.default\">\n\t\t\t\t\t<h2 class=\"elementor-heading-title elementor-size-default\">Compartilhamento de dados<\/h2>\t\t\t\t<\/div>\n\t\t\t\t<div class=\"elementor-element elementor-element-f9d9de8 elementor-widget elementor-widget-text-editor\" data-id=\"f9d9de8\" data-element_type=\"widget\" data-e-type=\"widget\" data-widget_type=\"text-editor.default\">\n\t\t\t\t\t\t\t\t\tPodemos compartilhar seus dados com parceiros e fornecedores confi\u00e1veis para aprimorar nosso Site e Servi\u00e7os. Para usu\u00e1rios na UE, o processamento de dados est\u00e1 em conformidade com o GDPR e outras regulamenta\u00e7\u00f5es aplic\u00e1veis.\t\t\t\t\t\t\t\t<\/div>\n\t\t\t\t<div class=\"elementor-element elementor-element-b63d797 elementor-widget elementor-widget-heading\" data-id=\"b63d797\" data-element_type=\"widget\" data-e-type=\"widget\" data-widget_type=\"heading.default\">\n\t\t\t\t\t<h2 class=\"elementor-heading-title elementor-size-default\">Seguran\u00e7a<\/h2>\t\t\t\t<\/div>\n\t\t\t\t<div class=\"elementor-element elementor-element-d012953 elementor-widget elementor-widget-text-editor\" data-id=\"d012953\" data-element_type=\"widget\" data-e-type=\"widget\" data-widget_type=\"text-editor.default\">\n\t\t\t\t\t\t\t\t\tUtilizamos medidas robustas para proteger seus dados pessoais contra acesso n\u00e3o autorizado ou uso indevido. No entanto, nenhum sistema \u00e9 totalmente imune a viola\u00e7\u00f5es. Notifique-nos imediatamente se suspeitar de qualquer comprometimento de dados.\t\t\t\t\t\t\t\t<\/div>\n\t\t\t\t<div class=\"elementor-element elementor-element-ec9a151 elementor-widget elementor-widget-heading\" data-id=\"ec9a151\" data-element_type=\"widget\" data-e-type=\"widget\" data-widget_type=\"heading.default\">\n\t\t\t\t\t<h2 class=\"elementor-heading-title elementor-size-default\">Biscoitos<\/h2>\t\t\t\t<\/div>\n\t\t\t\t<div class=\"elementor-element elementor-element-4d5f16e elementor-widget elementor-widget-text-editor\" data-id=\"4d5f16e\" data-element_type=\"widget\" data-e-type=\"widget\" data-widget_type=\"text-editor.default\">\n\t\t\t\t\t\t\t\t\tNosso site utiliza cookies para melhorar sua experi\u00eancia. Para obter detalhes sobre o uso de cookies e como gerenciar suas prefer\u00eancias, consulte nossa Pol\u00edtica de Cookies.\t\t\t\t\t\t\t\t<\/div>\n\t\t\t\t<div class=\"elementor-element elementor-element-ca5272d elementor-widget elementor-widget-heading\" data-id=\"ca5272d\" data-element_type=\"widget\" data-e-type=\"widget\" data-widget_type=\"heading.default\">\n\t\t\t\t\t<h2 class=\"elementor-heading-title elementor-size-default\">Links externos<\/h2>\t\t\t\t<\/div>\n\t\t\t\t<div class=\"elementor-element elementor-element-c9d7e09 elementor-widget elementor-widget-text-editor\" data-id=\"c9d7e09\" data-element_type=\"widget\" data-e-type=\"widget\" data-widget_type=\"text-editor.default\">\n\t\t\t\t\t\t\t\t\t<p><strong>Bit Ai Method<\/strong>\u00a0n\u00e3o se responsabiliza pelas pr\u00e1ticas de privacidade de sites de terceiros vinculados ao nosso site. Revise as pol\u00edticas de privacidade deles antes de compartilhar quaisquer dados.<\/p>\t\t\t\t\t\t\t\t<\/div>\n\t\t\t\t<div class=\"elementor-element elementor-element-f523a7e elementor-widget elementor-widget-heading\" data-id=\"f523a7e\" data-element_type=\"widget\" data-e-type=\"widget\" data-widget_type=\"heading.default\">\n\t\t\t\t\t<h2 class=\"elementor-heading-title elementor-size-default\">Reten\u00e7\u00e3o e Exclus\u00e3o de Dados<\/h2>\t\t\t\t<\/div>\n\t\t\t\t<div class=\"elementor-element elementor-element-8f70d36 elementor-widget elementor-widget-text-editor\" data-id=\"8f70d36\" data-element_type=\"widget\" data-e-type=\"widget\" data-widget_type=\"text-editor.default\">\n\t\t\t\t\t\t\t\t\tOs dados pessoais s\u00e3o retidos apenas pelo tempo necess\u00e1rio. Usu\u00e1rios de contas ativas gerenciam seus dados, e contas encerradas ter\u00e3o seus dados exclu\u00eddos em conformidade com as leis aplic\u00e1veis.\t\t\t\t\t\t\t\t<\/div>\n\t\t\t\t<div class=\"elementor-element elementor-element-88738de elementor-widget elementor-widget-heading\" data-id=\"88738de\" data-element_type=\"widget\" data-e-type=\"widget\" data-widget_type=\"heading.default\">\n\t\t\t\t\t<h2 class=\"elementor-heading-title elementor-size-default\">Direitos do Usu\u00e1rio<\/h2>\t\t\t\t<\/div>\n\t\t\t\t<div class=\"elementor-element elementor-element-4c13aa9 elementor-widget elementor-widget-text-editor\" data-id=\"4c13aa9\" data-element_type=\"widget\" data-e-type=\"widget\" data-widget_type=\"text-editor.default\">\n\t\t\t\t\t\t\t\t\tVoc\u00ea tem o direito de:<\/p>\n\n<ul data-spread=\"false\">\n \t<li>Acesse seus dados pessoais.<\/li>\n \t<li>Corrija quaisquer imprecis\u00f5es.<\/li>\n \t<li>Solicitar exclus\u00e3o de dados em circunst\u00e2ncias espec\u00edficas.<\/li>\n \t<li>Restringir ou se opor ao processamento de dados.<\/li>\n \t<li>Retire o consentimento a qualquer momento.<\/li>\n \t<li>Solicite portabilidade de dados em um formato estruturado.<\/li>\n<\/ul>\t\t\t\t\t\t\t\t<\/div>\n\t\t\t\t<div class=\"elementor-element elementor-element-0436578 elementor-widget elementor-widget-heading\" data-id=\"0436578\" data-element_type=\"widget\" data-e-type=\"widget\" data-widget_type=\"heading.default\">\n\t\t\t\t\t<h2 class=\"elementor-heading-title elementor-size-default\">Materiais de Marketing<\/h2>\t\t\t\t<\/div>\n\t\t\t\t<div class=\"elementor-element elementor-element-ac9a77c elementor-widget elementor-widget-text-editor\" data-id=\"ac9a77c\" data-element_type=\"widget\" data-e-type=\"widget\" data-widget_type=\"text-editor.default\">\n\t\t\t\t\t\t\t\t\tCom o seu consentimento, utilizamos dados pessoais para enviar materiais de marketing. Voc\u00ea pode revogar esse consentimento a qualquer momento entrando em contato conosco.\t\t\t\t\t\t\t\t<\/div>\n\t\t\t\t<div class=\"elementor-element elementor-element-595f4be elementor-widget elementor-widget-heading\" data-id=\"595f4be\" data-element_type=\"widget\" data-e-type=\"widget\" data-widget_type=\"heading.default\">\n\t\t\t\t\t<h2 class=\"elementor-heading-title elementor-size-default\">Aceita\u00e7\u00e3o desta Pol\u00edtica<\/h2>\t\t\t\t<\/div>\n\t\t\t\t<div class=\"elementor-element elementor-element-64e3092 elementor-widget elementor-widget-text-editor\" data-id=\"64e3092\" data-element_type=\"widget\" data-e-type=\"widget\" data-widget_type=\"text-editor.default\">\n\t\t\t\t\t\t\t\t\t<p>Ao usar <b>Bit Ai Method<\/b>\u00a0Site ou Servi\u00e7os, voc\u00ea concorda com esta Pol\u00edtica de Privacidade. O uso cont\u00ednuo ap\u00f3s as atualiza\u00e7\u00f5es significa sua aceita\u00e7\u00e3o de quaisquer altera\u00e7\u00f5es.<\/p>\t\t\t\t\t\t\t\t<\/div>\n\t\t\t\t<div class=\"elementor-element elementor-element-6ec6cca elementor-widget elementor-widget-heading\" data-id=\"6ec6cca\" data-element_type=\"widget\" data-e-type=\"widget\" data-widget_type=\"heading.default\">\n\t\t\t\t\t<h2 class=\"elementor-heading-title elementor-size-default\">Contate-nos<\/h2>\t\t\t\t<\/div>\n\t\t\t\t<div class=\"elementor-element elementor-element-9583e53 elementor-widget elementor-widget-text-editor\" data-id=\"9583e53\" data-element_type=\"widget\" data-e-type=\"widget\" data-widget_type=\"text-editor.default\">\n\t\t\t\t\t\t\t\t\t<p>Caso tenha alguma d\u00favida, preocupa\u00e7\u00e3o ou pergunta sobre esta Pol\u00edtica de Privacidade ou sobre como suas informa\u00e7\u00f5es s\u00e3o tratadas, entre em contato conosco. Voc\u00ea pode entrar em contato com nossa equipe de suporte pelo e-mail. Caso tenha alguma d\u00favida, preocupa\u00e7\u00e3o ou pergunta sobre esta Pol\u00edtica de Privacidade ou sobre como suas informa\u00e7\u00f5es s\u00e3o tratadas, entre em contato conosco. Voc\u00ea pode entrar em contato com nossa equipe de suporte pelo e-mail. <a href=\"mailto:support@bitai-method.net\">support@bitai-method.net<\/a><\/p>\t\t\t\t\t\t\t\t<\/div>\n\t\t\t\t\t<\/div>\n\t\t\t\t<\/div>\n\t\t\t\t<\/div>","protected":false},"excerpt":{"rendered":"<p>Privacy Policy Home Privacy Policy PRIVACY POLICY At Bit Ai Method\u00a0your privacy is our priority. Personal data is retained only as long as necessary, and users with active accounts are responsible for managing their information. Upon account termination, related data will be deleted in accordance with applicable laws and policies. Introduction This Privacy Policy outlines [&hellip;]<\/p>\n","protected":false},"author":1,"featured_media":0,"parent":0,"menu_order":0,"comment_status":"closed","ping_status":"closed","template":"","meta":{"footnotes":""},"class_list":["post-19","page","type-page","status-publish","hentry"],"_links":{"self":[{"href":"https:\/\/bitai-method.net\/pt\/wp-json\/wp\/v2\/pages\/19","targetHints":{"allow":["GET"]}}],"collection":[{"href":"https:\/\/bitai-method.net\/pt\/wp-json\/wp\/v2\/pages"}],"about":[{"href":"https:\/\/bitai-method.net\/pt\/wp-json\/wp\/v2\/types\/page"}],"author":[{"embeddable":true,"href":"https:\/\/bitai-method.net\/pt\/wp-json\/wp\/v2\/users\/1"}],"replies":[{"embeddable":true,"href":"https:\/\/bitai-method.net\/pt\/wp-json\/wp\/v2\/comments?post=19"}],"version-history":[{"count":0,"href":"https:\/\/bitai-method.net\/pt\/wp-json\/wp\/v2\/pages\/19\/revisions"}],"wp:attachment":[{"href":"https:\/\/bitai-method.net\/pt\/wp-json\/wp\/v2\/media?parent=19"}],"curies":[{"name":"wp","href":"https:\/\/api.w.org\/{rel}","templated":true}]}}